{"id":4395,"date":"2022-05-04T18:17:11","date_gmt":"2022-05-04T18:17:11","guid":{"rendered":"https:\/\/psibusiness.com\/?page_id=4395"},"modified":"2022-05-18T18:58:52","modified_gmt":"2022-05-18T18:58:52","slug":"informacion","status":"publish","type":"page","link":"https:\/\/psibusiness.com\/es\/informacion\/","title":{"rendered":"Informacion"},"content":{"rendered":"<div id=\"ut-row-69e0ff443665e\" data-vc-full-width=\"true\" data-vc-full-width-init=\"false\" class=\"vc_row wpb_row vc_row-fluid vc_column-gap-0 ut-row-69e0ff4436665\" ><div class=\"wpb_column vc_column_container vc_col-sm-2\" ><div id=\"ut_inner_column_69e0ff4436e59\" class=\"vc_column-inner\" ><div class=\"wpb_wrapper\"><\/div><\/div><\/div><div class=\"wpb_column vc_column_container vc_col-sm-8\" ><div id=\"ut_inner_column_69e0ff4437066\" class=\"vc_column-inner\" ><div class=\"wpb_wrapper\">\n<style type=\"text\/css\">\n\n    \n        #ut-empty-space-69e0ff443732d {\n            height: 40px        }\n\n    \n            @media (min-width: 768px) and (max-width: 1200px) {\n            #ut-empty-space-69e0ff443732d {\n                height: 40px;\n                display: block;\n            }\n        }\n    \n    \n        @media (max-width: 767px) {\n            #ut-empty-space-69e0ff443732d {\n                height: 40px;\n                display: block;\n            }\n        }\n\n    \n<\/style>\n\n<div class=\"vc_empty_space\" id=\"ut-empty-space-69e0ff443732d\"><span class=\"vc_empty_space_inner\"><\/span><\/div><div  class=\"wpb_content_element   clearfix\"><style type=\"text\/css\">#ut_am_69e0ff443795c { opacity: 1; }#ut_am_wrap_69e0ff443795d { text-align: left; }@media (min-width: 768px) and (max-width: 1024px) { #ut_am_wrap_69e0ff443795d { text-align: left !important; } }@media (max-width: 767px) { #ut_am_wrap_69e0ff443795d { text-align: center !important; } }<\/style><div id=\"ut_am_wrap_69e0ff443795d\" class=\"ut-image-gallery-image\"><div id=\"ut_reveal_69e0ff443795e\"  data-appear-top-offset=\"auto\" class=\"ut-animated-image-item ut-image-gallery-item ut-animation-done\"><a class=\"ut-deactivated-link\" href=\"#\"><div class=\"ut-animated-image-zoom\">\r\n        <div class=\"ut-element-glitch-wrap\">\r\n\r\n            \r\n        <style type=\"text\/css\">\r\n\r\n                        \r\n        @media (min-width: 1025px) {\r\n\r\n        #ut-element-glitch-69e0ff443797f995482905-4491 .ut-glitch-single-element {\r\n                                            \r\n                }\r\n        }\r\n\r\n        @media (min-width: 768px) and (max-width: 1024px) {\r\n\r\n        #ut-element-glitch-69e0ff443797f995482905-4491 .ut-glitch-single-element {\r\n                                                \r\n                    }\r\n        }\r\n\r\n        @media (max-width: 767px) {\r\n\r\n        #ut-element-glitch-69e0ff443797f995482905-4491 .ut-glitch-single-element {\r\n                                                \r\n                    }\r\n        }\r\n\r\n        \r\n        <\/style>\r\n\r\n        \r\n            <div id=\"ut-element-glitch-69e0ff443797f995482905-4491\" class=\"ut-element-glitch ut-glitch-none ut-element-glitch-permanent\">\r\n                <div class=\"ut-glitch-single-element ut-lozad skip-lazy\" data-background-image=\"https:\/\/psibusiness.com\/wp-content\/uploads\/2022\/05\/odoo-implementation-modules-980x765-1.png\"><\/div>\r\n                <div class=\"ut-glitch-single-element ut-lozad skip-lazy\" data-background-image=\"https:\/\/psibusiness.com\/wp-content\/uploads\/2022\/05\/odoo-implementation-modules-980x765-1.png\"><\/div>\r\n                <div class=\"ut-glitch-single-element ut-lozad skip-lazy\" data-background-image=\"https:\/\/psibusiness.com\/wp-content\/uploads\/2022\/05\/odoo-implementation-modules-980x765-1.png\"><\/div>\r\n                <div class=\"ut-glitch-single-element ut-lozad skip-lazy\" data-background-image=\"https:\/\/psibusiness.com\/wp-content\/uploads\/2022\/05\/odoo-implementation-modules-980x765-1.png\"><\/div>\r\n                <div class=\"ut-glitch-single-element ut-lozad skip-lazy\" data-background-image=\"https:\/\/psibusiness.com\/wp-content\/uploads\/2022\/05\/odoo-implementation-modules-980x765-1.png\"><\/div>\r\n            <\/div>\r\n\r\n        <\/div>\r\n\r\n        <img loading=\"lazy\" decoding=\"async\" class=\"ut-lazy skip-lazy ut-animated-image\"  id=\"ut_am_69e0ff443795c\" src=\"data:image\/svg+xml;charset=utf-8,%3Csvg xmlns%3D'http%3A%2F%2Fwww.w3.org%2F2000%2Fsvg' viewBox%3D'0 0 980 765'%2F%3E\" data-src=\"https:\/\/psibusiness.com\/wp-content\/uploads\/2022\/05\/odoo-implementation-modules-980x765-1.png\" width=\"980\" height=\"765\" alt=\"\"\/><\/div><\/a><\/div><\/div><\/div><div class=\"wpb_content_element\"><style type=\"text\/css\"><\/style><header id=\"ut_header_69e0ff4437c77\" class=\"section-header  ut-no-title-linebreak-mobile ut-no-lead-linebreak-mobile pt-style-7 header-center header-tablet-center header-mobile-center\"><div data-delay=\"0\" class=\"lead\"><p>Si has llegado hasta aqu\u00ed posiblemente est\u00e9s interesado en ODOO y su capacidad para llevar la gesti\u00f3n de tu empresa en una sola plataforma en la nube.<\/p>\n<p>D\u00e9janos tus datos y nos pondremos en contacto contigo para hacer un an\u00e1lisis integral de tu empresa y una propuesta acorde a las necesidades que requiere tu negocio.<\/p>\n<\/div><\/header><\/div>\n<style type=\"text\/css\">\n\n    \n        #ut-empty-space-69e0ff443809b {\n            height: 40px        }\n\n    \n            @media (min-width: 768px) and (max-width: 1200px) {\n            #ut-empty-space-69e0ff443809b {\n                height: 40px;\n                display: block;\n            }\n        }\n    \n    \n        @media (max-width: 767px) {\n            #ut-empty-space-69e0ff443809b {\n                height: 40px;\n                display: block;\n            }\n        }\n\n    \n<\/style>\n\n<div class=\"vc_empty_space\" id=\"ut-empty-space-69e0ff443809b\"><span class=\"vc_empty_space_inner\"><\/span><\/div><\/div><\/div><\/div><div class=\"wpb_column vc_column_container vc_col-sm-2\" ><div id=\"ut_inner_column_69e0ff44382b5\" class=\"vc_column-inner\" ><div class=\"wpb_wrapper\"><\/div><\/div><\/div><\/div><div class=\"vc_row-full-width vc_clearfix\"><\/div><div id=\"ut-row-69e0ff4438776\" data-vc-full-width=\"true\" data-vc-full-width-init=\"false\" class=\"vc_row wpb_row vc_row-fluid vc_row-has-fill vc_column-gap-0 ut-row-69e0ff443877c bklyn-row-with-overlay ut-parallax-section\" ><div id=\"ut-parallax-69e0ff443879a\" data-parallax-factor=\"8\" data-background-image=\"https:\/\/psibusiness.com\/wp-content\/uploads\/2022\/05\/psilaptop.jpg?id=4489\" class=\"parallax-scroll-container parallax-scroll-container-hide ut-background-lozad\"><\/div><div id=\"ut_row_overlay_69e0ff4438797\" class=\"bklyn-overlay\"><\/div><div class=\"wpb_column vc_column_container vc_col-sm-4\" ><div id=\"ut_inner_column_69e0ff4438b40\" class=\"vc_column-inner\" ><div class=\"wpb_wrapper\"><\/div><\/div><\/div><div class=\"wpb_column vc_column_container vc_col-sm-4\" ><div id=\"ut_inner_column_69e0ff4438d29\" class=\"vc_column-inner\" ><div class=\"wpb_wrapper\"><div class=\"wpb_content_element\">\n<div class=\"wpcf7 no-js\" id=\"wpcf7-f4397-o1\" lang=\"es-MX\" dir=\"ltr\" data-wpcf7-id=\"4397\">\n<div class=\"screen-reader-response\"><p role=\"status\" aria-live=\"polite\" aria-atomic=\"true\"><\/p> <ul><\/ul><\/div>\n<form action=\"\/es\/wp-json\/wp\/v2\/pages\/4395#wpcf7-f4397-o1\" method=\"post\" class=\"wpcf7-form init\" aria-label=\"Formulario de contacto\" novalidate=\"novalidate\" data-status=\"init\" data-trp-original-action=\"\/es\/wp-json\/wp\/v2\/pages\/4395#wpcf7-f4397-o1\">\n<fieldset class=\"hidden-fields-container\"><input type=\"hidden\" name=\"_wpcf7\" value=\"4397\" \/><input type=\"hidden\" name=\"_wpcf7_version\" value=\"6.1.5\" \/><input type=\"hidden\" name=\"_wpcf7_locale\" value=\"es_MX\" \/><input type=\"hidden\" name=\"_wpcf7_unit_tag\" value=\"wpcf7-f4397-o1\" \/><input type=\"hidden\" name=\"_wpcf7_container_post\" value=\"0\" \/><input type=\"hidden\" name=\"_wpcf7_posted_data_hash\" value=\"\" \/>\n<\/fieldset>\n<p><label>Nombre<br \/>\n<span class=\"wpcf7-form-control-wrap\" data-name=\"your-name\"><input size=\"40\" maxlength=\"400\" class=\"wpcf7-form-control wpcf7-text wpcf7-validates-as-required\" aria-required=\"true\" aria-invalid=\"false\" value=\"\" type=\"text\" name=\"your-name\" \/><\/span> <\/label>\n<\/p>\n<p><label> Correo<br \/>\n<span class=\"wpcf7-form-control-wrap\" data-name=\"your-email\"><input size=\"40\" maxlength=\"400\" class=\"wpcf7-form-control wpcf7-email wpcf7-validates-as-required wpcf7-text wpcf7-validates-as-email\" aria-required=\"true\" aria-invalid=\"false\" value=\"\" type=\"email\" name=\"your-email\" \/><\/span> <\/label>\n<\/p>\n<p><label> Empresa<br \/>\n<span class=\"wpcf7-form-control-wrap\" data-name=\"your-subject\"><input size=\"40\" maxlength=\"400\" class=\"wpcf7-form-control wpcf7-text wpcf7-validates-as-required\" aria-required=\"true\" aria-invalid=\"false\" value=\"\" type=\"text\" name=\"your-subject\" \/><\/span> <\/label>\n<\/p>\n<p><label> Tel\u00e9fono<br \/>\n<span class=\"wpcf7-form-control-wrap\" data-name=\"your-number\"><input class=\"wpcf7-form-control wpcf7-number wpcf7-validates-as-number\" aria-invalid=\"false\" value=\"\" type=\"number\" name=\"your-number\" \/><\/span><\/label>\n<\/p>\n<p><label> Pa\u00eds<br \/>\n<span class=\"wpcf7-form-control-wrap\" data-name=\"your-country\"><input size=\"40\" maxlength=\"400\" class=\"wpcf7-form-control wpcf7-text wpcf7-validates-as-required\" aria-required=\"true\" aria-invalid=\"false\" value=\"\" type=\"text\" name=\"your-country\" \/><\/span> <\/label>\n<\/p>\n<p><label> Tu mensaje(opcional)<br \/>\n<span class=\"wpcf7-form-control-wrap\" data-name=\"your-message\"><textarea cols=\"40\" rows=\"10\" maxlength=\"2000\" class=\"wpcf7-form-control wpcf7-textarea\" aria-invalid=\"false\" name=\"your-message\"><\/textarea><\/span> <\/label>\n<\/p>\n<p><input class=\"wpcf7-form-control wpcf7-submit has-spinner\" type=\"submit\" value=\"Enviar\" \/>\n<\/p><div class=\"wpcf7-response-output\" aria-hidden=\"true\"><\/div>\n<input type=\"hidden\" name=\"trp-form-language\" value=\"es\"\/><\/form>\n<\/div>\n<\/div><\/div><\/div><\/div><div class=\"wpb_column vc_column_container vc_col-sm-4\" ><div id=\"ut_inner_column_69e0ff443be4a\" class=\"vc_column-inner\" ><div class=\"wpb_wrapper\">\n<style type=\"text\/css\">\n\n    \n        #ut-empty-space-69e0ff443bf93 {\n            height: 10px        }\n\n    \n            @media (min-width: 768px) and (max-width: 1200px) {\n            #ut-empty-space-69e0ff443bf93 {\n                height: 10px;\n                display: block;\n            }\n        }\n    \n    \n        @media (max-width: 767px) {\n            #ut-empty-space-69e0ff443bf93 {\n                height: 10px;\n                display: block;\n            }\n        }\n\n    \n<\/style>\n\n<div class=\"vc_empty_space\" id=\"ut-empty-space-69e0ff443bf93\"><span class=\"vc_empty_space_inner\"><\/span><\/div><\/div><\/div><\/div><style type=\"text\/css\">#ut-row-69e0ff4438776 {background-position: center;}#ut_row_overlay_69e0ff4438797{ background-color: rgba(48, 55, 146, 0.68);} #ut-parallax-69e0ff443879a{background-size:cover}#ut-parallax-69e0ff443879a { background-position: left center; }<\/style><\/div><div class=\"vc_row-full-width vc_clearfix\"><\/div>","protected":false},"excerpt":{"rendered":"#ut-empty-space-69e0ff443cf0f { height: 40px } @media (min-width: 768px) and (max-width: 1200px) { #ut-empty-space-69e0ff443cf0f { height: 40px; display: block; } } @media (max-width: 767px) { #ut-empty-space-69e0ff443cf0f { height: 40px; display: block; } } #ut_am_69e0ff443cfd1 { opacity: 1; }#ut_am_wrap_69e0ff443cfd2 { text-align: left; }@media (min-width: 768px) and (max-width: 1024px) { #ut_am_wrap_69e0ff443cfd2 { text-align: left !important; } }@media (max-width: [...]","protected":false},"author":1,"featured_media":0,"parent":0,"menu_order":0,"comment_status":"closed","ping_status":"closed","template":"","meta":{"footnotes":""},"class_list":["post-4395","page","type-page","status-publish","hentry"],"yoast_head":"<!-- This site is optimized with the Yoast SEO plugin v27.4 - https:\/\/yoast.com\/product\/yoast-seo-wordpress\/ -->\n<title>Informacion - Odoo Puerto Rico<\/title>\n<meta name=\"robots\" content=\"index, follow, max-snippet:-1, max-image-preview:large, max-video-preview:-1\" \/>\n<link rel=\"canonical\" href=\"https:\/\/psibusiness.com\/es\/informacion\/\" \/>\n<meta property=\"og:locale\" content=\"es_ES\" \/>\n<meta property=\"og:type\" content=\"article\" \/>\n<meta property=\"og:title\" content=\"Informacion - Odoo Puerto Rico\" \/>\n<meta property=\"og:url\" content=\"https:\/\/psibusiness.com\/es\/informacion\/\" \/>\n<meta property=\"og:site_name\" content=\"Odoo Puerto Rico\" \/>\n<meta property=\"article:publisher\" content=\"https:\/\/www.facebook.com\/psisoftware\" \/>\n<meta property=\"article:modified_time\" content=\"2022-05-18T18:58:52+00:00\" \/>\n<meta property=\"og:image\" content=\"https:\/\/psibusiness.com\/wp-content\/uploads\/2021\/11\/imagen_fondo2.jpg\" \/>\n\t<meta property=\"og:image:width\" content=\"1320\" \/>\n\t<meta property=\"og:image:height\" content=\"552\" \/>\n\t<meta property=\"og:image:type\" content=\"image\/jpeg\" \/>\n<meta name=\"twitter:card\" content=\"summary_large_image\" \/>\n<meta name=\"twitter:label1\" content=\"Tiempo de lectura\" \/>\n\t<meta name=\"twitter:data1\" content=\"1 minuto\" \/>\n<script type=\"application\/ld+json\" class=\"yoast-schema-graph\">{\"@context\":\"https:\\\/\\\/schema.org\",\"@graph\":[{\"@type\":\"WebPage\",\"@id\":\"https:\\\/\\\/psibusiness.com\\\/informacion\\\/\",\"url\":\"https:\\\/\\\/psibusiness.com\\\/informacion\\\/\",\"name\":\"Informacion - Odoo Puerto Rico\",\"isPartOf\":{\"@id\":\"https:\\\/\\\/psibusiness.com\\\/es\\\/#website\"},\"datePublished\":\"2022-05-04T18:17:11+00:00\",\"dateModified\":\"2022-05-18T18:58:52+00:00\",\"breadcrumb\":{\"@id\":\"https:\\\/\\\/psibusiness.com\\\/informacion\\\/#breadcrumb\"},\"inLanguage\":\"es\",\"potentialAction\":[{\"@type\":\"ReadAction\",\"target\":[\"https:\\\/\\\/psibusiness.com\\\/informacion\\\/\"]}]},{\"@type\":\"BreadcrumbList\",\"@id\":\"https:\\\/\\\/psibusiness.com\\\/informacion\\\/#breadcrumb\",\"itemListElement\":[{\"@type\":\"ListItem\",\"position\":1,\"name\":\"Inicio\",\"item\":\"https:\\\/\\\/psibusiness.com\\\/\"},{\"@type\":\"ListItem\",\"position\":2,\"name\":\"Informacion\"}]},{\"@type\":\"WebSite\",\"@id\":\"https:\\\/\\\/psibusiness.com\\\/es\\\/#website\",\"url\":\"https:\\\/\\\/psibusiness.com\\\/es\\\/\",\"name\":\"Odoo Puerto Rico\",\"description\":\"PSI is a cloud-based business service that includes: ERP \",\"publisher\":{\"@id\":\"https:\\\/\\\/psibusiness.com\\\/es\\\/#organization\"},\"potentialAction\":[{\"@type\":\"SearchAction\",\"target\":{\"@type\":\"EntryPoint\",\"urlTemplate\":\"https:\\\/\\\/psibusiness.com\\\/es\\\/?s={search_term_string}\"},\"query-input\":{\"@type\":\"PropertyValueSpecification\",\"valueRequired\":true,\"valueName\":\"search_term_string\"}}],\"inLanguage\":\"es\"},{\"@type\":\"Organization\",\"@id\":\"https:\\\/\\\/psibusiness.com\\\/es\\\/#organization\",\"name\":\"Psi Business\",\"url\":\"https:\\\/\\\/psibusiness.com\\\/es\\\/\",\"logo\":{\"@type\":\"ImageObject\",\"inLanguage\":\"es\",\"@id\":\"https:\\\/\\\/psibusiness.com\\\/es\\\/#\\\/schema\\\/logo\\\/image\\\/\",\"url\":\"https:\\\/\\\/psibusiness.com\\\/wp-content\\\/uploads\\\/2021\\\/11\\\/imagen_fondo2.jpg\",\"contentUrl\":\"https:\\\/\\\/psibusiness.com\\\/wp-content\\\/uploads\\\/2021\\\/11\\\/imagen_fondo2.jpg\",\"width\":1320,\"height\":552,\"caption\":\"Psi Business\"},\"image\":{\"@id\":\"https:\\\/\\\/psibusiness.com\\\/es\\\/#\\\/schema\\\/logo\\\/image\\\/\"},\"sameAs\":[\"https:\\\/\\\/www.facebook.com\\\/psisoftware\",\"https:\\\/\\\/www.linkedin.com\\\/company\\\/pharmaceutical-systems-international---pharmaway-1-0\\\/\"]}]}<\/script>\n<!-- \/ Yoast SEO plugin. -->","yoast_head_json":{"title":"Informacion - Odoo Puerto Rico","robots":{"index":"index","follow":"follow","max-snippet":"max-snippet:-1","max-image-preview":"max-image-preview:large","max-video-preview":"max-video-preview:-1"},"canonical":"https:\/\/psibusiness.com\/es\/informacion\/","og_locale":"es_ES","og_type":"article","og_title":"Informacion - Odoo Puerto Rico","og_url":"https:\/\/psibusiness.com\/es\/informacion\/","og_site_name":"Odoo Puerto Rico","article_publisher":"https:\/\/www.facebook.com\/psisoftware","article_modified_time":"2022-05-18T18:58:52+00:00","og_image":[{"width":1320,"height":552,"url":"https:\/\/psibusiness.com\/wp-content\/uploads\/2021\/11\/imagen_fondo2.jpg","type":"image\/jpeg"}],"twitter_card":"summary_large_image","twitter_misc":{"Tiempo de lectura":"1 minuto"},"schema":{"@context":"https:\/\/schema.org","@graph":[{"@type":"WebPage","@id":"https:\/\/psibusiness.com\/informacion\/","url":"https:\/\/psibusiness.com\/informacion\/","name":"Informacion - Odoo Puerto Rico","isPartOf":{"@id":"https:\/\/psibusiness.com\/es\/#website"},"datePublished":"2022-05-04T18:17:11+00:00","dateModified":"2022-05-18T18:58:52+00:00","breadcrumb":{"@id":"https:\/\/psibusiness.com\/informacion\/#breadcrumb"},"inLanguage":"es","potentialAction":[{"@type":"ReadAction","target":["https:\/\/psibusiness.com\/informacion\/"]}]},{"@type":"BreadcrumbList","@id":"https:\/\/psibusiness.com\/informacion\/#breadcrumb","itemListElement":[{"@type":"ListItem","position":1,"name":"Inicio","item":"https:\/\/psibusiness.com\/"},{"@type":"ListItem","position":2,"name":"Informacion"}]},{"@type":"WebSite","@id":"https:\/\/psibusiness.com\/es\/#website","url":"https:\/\/psibusiness.com\/es\/","name":"Odoo Puerto Rico","description":"PSI is a cloud-based business service that includes: ERP","publisher":{"@id":"https:\/\/psibusiness.com\/es\/#organization"},"potentialAction":[{"@type":"SearchAction","target":{"@type":"EntryPoint","urlTemplate":"https:\/\/psibusiness.com\/es\/?s={search_term_string}"},"query-input":{"@type":"PropertyValueSpecification","valueRequired":true,"valueName":"search_term_string"}}],"inLanguage":"es"},{"@type":"Organization","@id":"https:\/\/psibusiness.com\/es\/#organization","name":"Psi Business","url":"https:\/\/psibusiness.com\/es\/","logo":{"@type":"ImageObject","inLanguage":"es","@id":"https:\/\/psibusiness.com\/es\/#\/schema\/logo\/image\/","url":"https:\/\/psibusiness.com\/wp-content\/uploads\/2021\/11\/imagen_fondo2.jpg","contentUrl":"https:\/\/psibusiness.com\/wp-content\/uploads\/2021\/11\/imagen_fondo2.jpg","width":1320,"height":552,"caption":"Psi Business"},"image":{"@id":"https:\/\/psibusiness.com\/es\/#\/schema\/logo\/image\/"},"sameAs":["https:\/\/www.facebook.com\/psisoftware","https:\/\/www.linkedin.com\/company\/pharmaceutical-systems-international---pharmaway-1-0\/"]}]}},"_links":{"self":[{"href":"https:\/\/psibusiness.com\/es\/wp-json\/wp\/v2\/pages\/4395","targetHints":{"allow":["GET"]}}],"collection":[{"href":"https:\/\/psibusiness.com\/es\/wp-json\/wp\/v2\/pages"}],"about":[{"href":"https:\/\/psibusiness.com\/es\/wp-json\/wp\/v2\/types\/page"}],"author":[{"embeddable":true,"href":"https:\/\/psibusiness.com\/es\/wp-json\/wp\/v2\/users\/1"}],"replies":[{"embeddable":true,"href":"https:\/\/psibusiness.com\/es\/wp-json\/wp\/v2\/comments?post=4395"}],"version-history":[{"count":41,"href":"https:\/\/psibusiness.com\/es\/wp-json\/wp\/v2\/pages\/4395\/revisions"}],"predecessor-version":[{"id":4531,"href":"https:\/\/psibusiness.com\/es\/wp-json\/wp\/v2\/pages\/4395\/revisions\/4531"}],"wp:attachment":[{"href":"https:\/\/psibusiness.com\/es\/wp-json\/wp\/v2\/media?parent=4395"}],"curies":[{"name":"wp","href":"https:\/\/api.w.org\/{rel}","templated":true}]}}